{"id":1613,"date":"2010-01-11T17:59:29","date_gmt":"2010-01-11T16:59:29","guid":{"rendered":"http:\/\/www.devapp.it\/wordpress\/?page_id=1613"},"modified":"2011-12-22T16:07:00","modified_gmt":"2011-12-22T15:07:00","slug":"supporto-applicazioni","status":"publish","type":"page","link":"https:\/\/www.devapp.it\/wordpress\/supporto-applicazioni\/","title":{"rendered":"Applicazioni iPhone"},"content":{"rendered":"<p>Questa sezione \u00e8 divisa in due parti, una dedicata alle <strong>applicazioni iPhone e iPad<\/strong> sviluppate dai nostri autori, l&#8217;altra a quelle create dai nostri utenti.<\/p>\n<p>Volete vedere le vostre applicazioni in queste pagine?<br \/>\nDiventate nostri autori o se siete tra coloro che ci seguono seguite le istruzioni che trovate in <a href=\"http:\/\/www.devapp.it\/wordpress\/le-applicazioni-dei-nostri-utenti.html\" target=\"_blank\">questo articolo<\/a>.<\/p>\n<p><center><\/p>\n<h4><a href=\"http:\/\/www.devapp.it\/wordpress\/supporto-applicazioni\/le-applicazioni-dei-nostri-autori\" target=\"_blank\">VISUALIZZA LE APPLICAZIONI DEI NOSTRI AUTORI<\/a><\/h4>\n<h4><a href=\"http:\/\/www.devapp.it\/wordpress\/supporto-applicazioni\/le-applicazioni-dei-nostri-utenti\" target=\"_blank\">VISUALIZZA LE APPLICAZIONI DEI NOSTRI UTENTI<\/a><\/h4>\n<p><\/center><\/p>\n<h4>Disponibile GRATUITAMENTE l&#8217;applicazione ufficiale del nostro forum per iPhone e Android<\/h4>\n<p><a href=\"http:\/\/www.devapp.it\/wordpress\/wp-content\/uploads\/2011\/05\/devAPP-forum-app-store-google-market-applicazione-iphone-developers-00.jpg\"><img loading=\"lazy\" decoding=\"async\" src=\"http:\/\/www.devapp.it\/wordpress\/wp-content\/uploads\/2011\/05\/devAPP-forum-app-store-google-market-applicazione-iphone-developers-00.jpg\" alt=\"devAPP-forum-app-store-google-market-applicazione-iphone-developers-00\" title=\"devAPP-forum-app-store-google-market-applicazione-iphone-developers-00\" width=\"100\" height=\"100\" class=\"alignleft size-full wp-image-6918\" srcset=\"https:\/\/www.devapp.it\/wordpress\/wp-content\/uploads\/2011\/05\/devAPP-forum-app-store-google-market-applicazione-iphone-developers-00.jpg 100w, https:\/\/www.devapp.it\/wordpress\/wp-content\/uploads\/2011\/05\/devAPP-forum-app-store-google-market-applicazione-iphone-developers-00-92x92.jpg 92w, https:\/\/www.devapp.it\/wordpress\/wp-content\/uploads\/2011\/05\/devAPP-forum-app-store-google-market-applicazione-iphone-developers-00-64x64.jpg 64w\" sizes=\"auto, (max-width: 100px) 100vw, 100px\" \/><\/a> Grazie a &#8220;Forum devAPP&#8221; potrete seguire direttamente dal vostro cellulare il nostro forum di programmazione iPhone, iPad e Android e postare domande e risposte al suo interno in modo pi\u00f9 semplice e veloce. L\u2019applicazione devAPP Forum, basata sull\u2019ottimo vBulletin Mobile, \u00e8 compatibile sia con iPhone che con gli smartphone basati su Android ed \u00e8 <strong>disponibile gratuitamente<\/strong> nei rispettivi store.<\/p>\n<p>Per scaricare l&#8217;applicazione potete seguire i seguenti link diretti a <strong>devAPP Forum<\/strong> nei rispettivi store:<\/p>\n<ul>\n<li><a href=\"http:\/\/itunes.apple.com\/it\/app\/devapp-forum\/id436678483?mt=8\" target=\"_blank\">Scarica &#8220;devAPP Forum&#8221; dall&#8217;App Store<\/a><\/li>\n<li><a href=\"https:\/\/market.android.com\/details?id=com.vbulletin.build_527\" target=\"_blank\">Scarica &#8220;devAPP Forum&#8221; dal Google Market<\/a><\/li>\n<\/ul>\n<p><center><br \/>\n<a href=\"http:\/\/www.devapp.it\/wordpress\/wp-content\/uploads\/2010\/01\/devAPP-Forum-iPhone-Android-screenshot.jpg\"><img loading=\"lazy\" decoding=\"async\" src=\"http:\/\/www.devapp.it\/wordpress\/wp-content\/uploads\/2010\/01\/devAPP-Forum-iPhone-Android-screenshot.jpg\" alt=\"devAPP-Forum-iPhone-Android-screenshot\" title=\"devAPP-Forum-iPhone-Android-screenshot\" width=\"500\" height=\"250\" class=\"aligncenter size-full wp-image-7502\" srcset=\"https:\/\/www.devapp.it\/wordpress\/wp-content\/uploads\/2010\/01\/devAPP-Forum-iPhone-Android-screenshot.jpg 500w, https:\/\/www.devapp.it\/wordpress\/wp-content\/uploads\/2010\/01\/devAPP-Forum-iPhone-Android-screenshot-300x150.jpg 300w, https:\/\/www.devapp.it\/wordpress\/wp-content\/uploads\/2010\/01\/devAPP-Forum-iPhone-Android-screenshot-150x75.jpg 150w\" sizes=\"auto, (max-width: 500px) 100vw, 500px\" \/><\/a><br \/>\n<\/center><\/p>\n<hr>\n<h4>Radio Bocconi<\/h4>\n<p>Disponibile la nuova applicazione dedicata alla web radio degli studenti dell&#8217;Universit\u00e0 Bocconi di Milano, realizzata dal nostro team in collaborazione con la webradio.<\/p>\n<p>Il core dell\u2019applicazione \u00e8 il player audio, che nella versione mobile \u00e8 stato arricchito di numerose funzionalit\u00e0. Oltre a mostrare la scheda del programma in onda, infatti,  consente di accedere alle due webcam della diretta (regia e studio) e integra la chat di facebook per dialogare con gli speaker.<\/p>\n<p>Per scaricare l&#8217;applicazione potete seguire i seguenti link diretti a <strong>Radio Bocconi<\/strong> nei rispettivi store:<\/p>\n<ul>\n<li><a href=\"http:\/\/itunes.apple.com\/it\/app\/radio-bocconi\/id478969245?mt=8\" target=\"_blank\">Scarica &#8220;Radio Bocconi&#8221; dall&#8217;App Store<\/a><\/li>\n<li>In arrivo su Google Market<\/li>\n<\/ul>\n<p><center><br \/>\n<a href=\"http:\/\/www.devapp.it\/wordpress\/wp-content\/uploads\/2011\/11\/radio-bocconi-iPhone-devapp-screenshot.jpg\"><img loading=\"lazy\" decoding=\"async\" src=\"http:\/\/www.devapp.it\/wordpress\/wp-content\/uploads\/2011\/11\/radio-bocconi-iPhone-devapp-screenshot.jpg\" alt=\"radio-bocconi-iPhone-devapp-screenshot\" title=\"radio-bocconi-iPhone-devapp-screenshot\" width=\"550\" height=\"264\" class=\"aligncenter size-full wp-image-8023\" srcset=\"https:\/\/www.devapp.it\/wordpress\/wp-content\/uploads\/2011\/11\/radio-bocconi-iPhone-devapp-screenshot.jpg 1000w, https:\/\/www.devapp.it\/wordpress\/wp-content\/uploads\/2011\/11\/radio-bocconi-iPhone-devapp-screenshot-300x144.jpg 300w\" sizes=\"auto, (max-width: 550px) 100vw, 550px\" \/><\/a><br \/>\n<\/center><\/p>\n<hr>\n","protected":false},"excerpt":{"rendered":"<p>Questa sezione \u00e8 divisa in due parti, una dedicata alle applicazioni iPhone e iPad sviluppate dai nostri&#8230;<\/p>\n","protected":false},"author":1,"featured_media":0,"parent":0,"menu_order":0,"comment_status":"closed","ping_status":"open","template":"","meta":{"_acf_changed":false,"footnotes":""},"class_list":["post-1613","page","type-page","status-publish","hentry"],"acf":[],"aioseo_notices":[],"_links":{"self":[{"href":"https:\/\/www.devapp.it\/wordpress\/wp-json\/wp\/v2\/pages\/1613","targetHints":{"allow":["GET"]}}],"collection":[{"href":"https:\/\/www.devapp.it\/wordpress\/wp-json\/wp\/v2\/pages"}],"about":[{"href":"https:\/\/www.devapp.it\/wordpress\/wp-json\/wp\/v2\/types\/page"}],"author":[{"embeddable":true,"href":"https:\/\/www.devapp.it\/wordpress\/wp-json\/wp\/v2\/users\/1"}],"replies":[{"embeddable":true,"href":"https:\/\/www.devapp.it\/wordpress\/wp-json\/wp\/v2\/comments?post=1613"}],"version-history":[{"count":65,"href":"https:\/\/www.devapp.it\/wordpress\/wp-json\/wp\/v2\/pages\/1613\/revisions"}],"predecessor-version":[{"id":1815,"href":"https:\/\/www.devapp.it\/wordpress\/wp-json\/wp\/v2\/pages\/1613\/revisions\/1815"}],"wp:attachment":[{"href":"https:\/\/www.devapp.it\/wordpress\/wp-json\/wp\/v2\/media?parent=1613"}],"curies":[{"name":"wp","href":"https:\/\/api.w.org\/{rel}","templated":true}]}}