{"id":1816,"date":"2010-01-21T14:42:03","date_gmt":"2010-01-21T13:42:03","guid":{"rendered":"http:\/\/www.devapp.it\/wordpress\/?page_id=1816"},"modified":"2011-01-31T11:21:55","modified_gmt":"2011-01-31T10:21:55","slug":"help-haiti-it","status":"publish","type":"page","link":"https:\/\/www.devapp.it\/wordpress\/supporto-applicazioni\/le-applicazioni-dei-nostri-autori\/help-haiti-it\/","title":{"rendered":"Help Haiti"},"content":{"rendered":"<p><a href=\"http:\/\/itunes.apple.com\/it\/app\/helphaiti-it\/id351064798?mt=8\" target=\"_blank\"><img loading=\"lazy\" decoding=\"async\" src=\"http:\/\/www.devapp.it\/wordpress\/wp-content\/uploads\/2010\/01\/HelpHaiti_icon_black.jpg\" alt=\"Help Haiti - Icona\" title=\"HelpHaiti_icon_black\" width=\"100\" height=\"100\" class=\"alignleft size-full wp-image-1813\" \/><\/a> <strong>Progetto, Sviluppo e Grafica:<\/strong> devAPP<br \/>\n<strong>Prezzo:<\/strong> Gratis<br \/>\n[<a href=\"http:\/\/itunes.apple.com\/it\/app\/helphaiti-it\/id351064798?mt=8\" target=\"_blank\">Link App Store<\/a>]<\/p>\n<p><strong>Descrizione in AppStore:<\/strong> In seguito ai tragici eventi accaduti nei giorni scorsi, il terremoto devastante che ha colpito il paese, nasce HELP HAITI: un&#8217; applicazione che vi consente di mettervi in contatto con le principali Organizzazioni per Aiuti Umanitari.<\/p>\n<p>L&#8217;intento non \u00e8 quello di raccogliere fondi, bens\u00ec quello di fornirvi una lista delle Organizzazioni presenti sul territorio con le rispettive modalit\u00e0 per effettuare una donazione. <\/p>\n<p>La Croce Rossa Internazionale ha allestito alcuni punti di pronto soccorso da campo, l&#8217;UNICEF \u00e8 presente sul territorio ed ha lanciato un appello perch\u00e8 si possano aiutare tutti i bambini rimasti orfani a causa della morte o dispersione dei genitori, Medici senza Frontiere ha aperto una raccolta fondi straordinaria, e come queste, molte altre Organizzazioni si sono attivate per far fronte all&#8217; emergenza.<\/p>\n<p>Anche il tuo aiuto per\u00f2 \u00e8 importante, perch\u00e8 persino il pi\u00f9 piccolo contributo pu\u00f2 essere significativo.<\/p>\n<p>Scaricare l&#8217; applicazione non comporta alcun costo.<\/p>\n<p>Non restiamo a guardare.. HELP HAITI!<\/p>\n<p>************************<\/p>\n<p>INVIATECI UNA MAIL CON LA RICEVUTA DELLA VOSTRA DONAZIONE E PROVVEDEREMO AD AGGIORNARE SUL NOSTRO SITO UN CONTATORE CHE MOSTRA IL TOTALE DELLE DONAZIONI FATTE GRAZIE A QUESTO PROGRAMMA. (VERRA&#8217; PUBBLICATO SOLO IL TOTALE SENZA RIFERIMENTI PRECISI A PERSONE E ALLE RISPETTIVE DONAZIONI.<\/p>\n<p>************************<\/p>\n<p>Non vi \u00e8 alcun legame tra devAPP e le associazioni umanitarie presenti nel software, l&#8217;applicazione ha il solo scopo di fornire dei riferimenti per chi vuole aiutare la popolazione terremotata.<\/p>\n<p>Grazie a tutti.<\/p>\n<p>Per info o segnalazioni:<br \/>\nwww.devapp.it<br \/>\ninfo@devapp.it<\/p>\n<p>Di seguito alcuni screenshot dell&#8217;applicazione:<\/p>\n<p><center><br \/>\n<a href=\"http:\/\/www.devapp.it\/wordpress\/wp-content\/uploads\/2010\/01\/HelpHaiti_Splashscreen.jpg\"><img loading=\"lazy\" decoding=\"async\" src=\"http:\/\/www.devapp.it\/wordpress\/wp-content\/uploads\/2010\/01\/HelpHaiti_Splashscreen.jpg\" alt=\"Help Haiti - Splashscreen\" title=\"HelpHaiti_Splashscreen\" width=\"320\" height=\"480\" class=\"aligncenter size-full wp-image-1742\" srcset=\"https:\/\/www.devapp.it\/wordpress\/wp-content\/uploads\/2010\/01\/HelpHaiti_Splashscreen.jpg 320w, https:\/\/www.devapp.it\/wordpress\/wp-content\/uploads\/2010\/01\/HelpHaiti_Splashscreen-200x300.jpg 200w\" sizes=\"auto, (max-width: 320px) 100vw, 320px\" \/><\/a><br \/>\n<\/center><\/p>\n<p><center><br \/>\n<a href=\"http:\/\/www.devapp.it\/wordpress\/wp-content\/uploads\/2010\/01\/HelpHaiti_Associazioni.jpg\"><img loading=\"lazy\" decoding=\"async\" src=\"http:\/\/www.devapp.it\/wordpress\/wp-content\/uploads\/2010\/01\/HelpHaiti_Associazioni.jpg\" alt=\"Help Haiti - Elenco Associazioni\" title=\"HelpHaiti_Associazioni\" width=\"320\" height=\"480\" class=\"aligncenter size-full wp-image-1743\" srcset=\"https:\/\/www.devapp.it\/wordpress\/wp-content\/uploads\/2010\/01\/HelpHaiti_Associazioni.jpg 320w, https:\/\/www.devapp.it\/wordpress\/wp-content\/uploads\/2010\/01\/HelpHaiti_Associazioni-200x300.jpg 200w\" sizes=\"auto, (max-width: 320px) 100vw, 320px\" \/><\/a><br \/>\n<\/center><\/p>\n<p><center><br \/>\n<a href=\"http:\/\/www.devapp.it\/wordpress\/wp-content\/uploads\/2010\/01\/HelpHaiti_DettaglioAssociazioni.jpg\"><img loading=\"lazy\" decoding=\"async\" src=\"http:\/\/www.devapp.it\/wordpress\/wp-content\/uploads\/2010\/01\/HelpHaiti_DettaglioAssociazioni.jpg\" alt=\"Help Haiti - Dettaglio Associazione\" title=\"HelpHaiti_DettaglioAssociazioni\" width=\"320\" height=\"480\" class=\"aligncenter size-full wp-image-1744\" srcset=\"https:\/\/www.devapp.it\/wordpress\/wp-content\/uploads\/2010\/01\/HelpHaiti_DettaglioAssociazioni.jpg 320w, https:\/\/www.devapp.it\/wordpress\/wp-content\/uploads\/2010\/01\/HelpHaiti_DettaglioAssociazioni-200x300.jpg 200w\" sizes=\"auto, (max-width: 320px) 100vw, 320px\" \/><\/a><br \/>\n<\/center><\/p>\n<p><center><br \/>\n<a href=\"http:\/\/www.devapp.it\/wordpress\/wp-content\/uploads\/2010\/01\/HelpHaiti_PageInfo.jpg\"><img loading=\"lazy\" decoding=\"async\" src=\"http:\/\/www.devapp.it\/wordpress\/wp-content\/uploads\/2010\/01\/HelpHaiti_PageInfo.jpg\" alt=\"Help Haiti - Pagina Info\" title=\"HelpHaiti_PageInfo\" width=\"320\" height=\"480\" class=\"aligncenter size-full wp-image-1745\" srcset=\"https:\/\/www.devapp.it\/wordpress\/wp-content\/uploads\/2010\/01\/HelpHaiti_PageInfo.jpg 320w, https:\/\/www.devapp.it\/wordpress\/wp-content\/uploads\/2010\/01\/HelpHaiti_PageInfo-200x300.jpg 200w\" sizes=\"auto, (max-width: 320px) 100vw, 320px\" \/><\/a><br \/>\n<\/center><\/p>\n","protected":false},"excerpt":{"rendered":"<p>Progetto, Sviluppo e Grafica: devAPP Prezzo: Gratis [Link App Store] Descrizione in AppStore: In seguito ai tragici&#8230;<\/p>\n","protected":false},"author":1,"featured_media":0,"parent":5709,"menu_order":0,"comment_status":"open","ping_status":"closed","template":"","meta":{"_acf_changed":false,"footnotes":""},"class_list":["post-1816","page","type-page","status-publish","hentry"],"acf":[],"aioseo_notices":[],"_links":{"self":[{"href":"https:\/\/www.devapp.it\/wordpress\/wp-json\/wp\/v2\/pages\/1816","targetHints":{"allow":["GET"]}}],"collection":[{"href":"https:\/\/www.devapp.it\/wordpress\/wp-json\/wp\/v2\/pages"}],"about":[{"href":"https:\/\/www.devapp.it\/wordpress\/wp-json\/wp\/v2\/types\/page"}],"author":[{"embeddable":true,"href":"https:\/\/www.devapp.it\/wordpress\/wp-json\/wp\/v2\/users\/1"}],"replies":[{"embeddable":true,"href":"https:\/\/www.devapp.it\/wordpress\/wp-json\/wp\/v2\/comments?post=1816"}],"version-history":[{"count":7,"href":"https:\/\/www.devapp.it\/wordpress\/wp-json\/wp\/v2\/pages\/1816\/revisions"}],"predecessor-version":[{"id":5721,"href":"https:\/\/www.devapp.it\/wordpress\/wp-json\/wp\/v2\/pages\/1816\/revisions\/5721"}],"up":[{"embeddable":true,"href":"https:\/\/www.devapp.it\/wordpress\/wp-json\/wp\/v2\/pages\/5709"}],"wp:attachment":[{"href":"https:\/\/www.devapp.it\/wordpress\/wp-json\/wp\/v2\/media?parent=1816"}],"curies":[{"name":"wp","href":"https:\/\/api.w.org\/{rel}","templated":true}]}}