{"id":2435,"date":"2010-03-08T13:48:13","date_gmt":"2010-03-08T12:48:13","guid":{"rendered":"http:\/\/www.devapp.it\/wordpress\/?page_id=2435"},"modified":"2018-05-21T17:49:29","modified_gmt":"2018-05-21T15:49:29","slug":"sostieni-devapp","status":"publish","type":"page","link":"https:\/\/www.devapp.it\/wordpress\/info\/sostieni-devapp\/","title":{"rendered":"Sostieni devAPP"},"content":{"rendered":"<h4>AIUTACI A DIFFONDERE IL NOSTRO LAVORO<\/h4>\n<p>Vi piace il nostro lavoro? Volete vedere pubblicate gratuitamente sempre pi\u00f9 lezioni di programmazione e tutorial pratici XCode? Allora dateci una mano anche voi! Come? Aiutandoci a diffondere il nostro lavoro tramite l&#8217;integrazione di un banner nel vostro sito, seguendoci sui social network e condividendo i nostri articoli con i vostri amici o, se volete, tramite una piccola donazione alla Community.<\/p>\n<h4>Aiutaci tramite una piccola donazione<\/h4>\n<p>Per offrire il vostro contributo tramite la donazione potete passare da questo pulsante, non c&#8217;\u00e8 un limite minimo o massimo, un caff\u00e8 sar\u00e0 pi\u00f9 che sufficiente, ma se voleste inviarci qualche milioncino di euro, sappiate che accettiamo volentieri \ud83d\ude1b<\/p>\n<p><center><\/p>\n<form action=\"https:\/\/www.paypal.com\/cgi-bin\/webscr\" method=\"post\">\n<input type=\"hidden\" name=\"cmd\" value=\"_donations\"><br \/>\n<input type=\"hidden\" name=\"business\" value=\"info@rynox.it\"><br \/>\n<input type=\"hidden\" name=\"lc\" value=\"IT\"><br \/>\n<input type=\"hidden\" name=\"item_name\" value=\"devAPP\"><br \/>\n<input type=\"hidden\" name=\"item_number\" value=\"Supporto alla community devAPP\"><br \/>\n<input type=\"hidden\" name=\"no_note\" value=\"0\"><br \/>\n<input type=\"hidden\" name=\"currency_code\" value=\"EUR\"><br \/>\n<input type=\"hidden\" name=\"bn\" value=\"PP-DonationsBF:btn_donateCC_LG.gif:NonHostedGuest\"><br \/>\n<input type=\"image\" src=\"https:\/\/www.paypalobjects.com\/it_IT\/IT\/i\/btn\/btn_donateCC_LG.gif\" border=\"0\" name=\"submit\" alt=\"PayPal - Il sistema di pagamento online pi\u00f9 facile e sicuro!\"><br \/>\n<img loading=\"lazy\" decoding=\"async\" alt=\"\" border=\"0\" src=\"https:\/\/www.paypalobjects.com\/it_IT\/i\/scr\/pixel.gif\" width=\"1\" height=\"1\"><br \/>\n<\/form>\n<p><\/center><\/p>\n<h4>Aiutaci a farci conoscere<\/h4>\n<p>Se avete un sito o un blog personale, potrete contribuire alla crescita di devAPP dedicando un piccolo spazietto al suo interno per un nostro banner. Potrete sceglierne uno (o pi\u00f9) tra quelli proposti qui sotto, copiare il rispettivo codice HTML e incollarlo nel vostro sito dove meglio credete, questo far\u00e0 in modo che altri appassionati come voi possano conoscerci.<\/p>\n<p>Se i banner proposti non andassero bene e aveste esigenze particolari potete contattarci tramite <a href=\"mailto:info@devapp.it\">mail<\/a> e provvederemo a crearne di nuovi su misura per voi.<\/p>\n<p><center><\/p>\n<h4>BANNER ANIMATI (.gif)<\/h4>\n<p><\/center><\/p>\n<p><center><br \/>\n<a href=\"https:\/\/www.devapp.it\/wordpress\/wp-content\/uploads\/2010\/03\/bannerAnimato_devAPP.gif\"><img loading=\"lazy\" decoding=\"async\" src=\"https:\/\/www.devapp.it\/wordpress\/wp-content\/uploads\/2010\/03\/bannerAnimato_devAPP.gif\" alt=\"Banner Animato devAPP.it\" title=\"bannerAnimato_devAPP\" width=\"468\" height=\"135\" class=\"aligncenter size-full wp-image-2868\" srcset=\"https:\/\/www.devapp.it\/wordpress\/wp-content\/uploads\/2010\/03\/bannerAnimato_devAPP.gif 468w, https:\/\/www.devapp.it\/wordpress\/wp-content\/uploads\/2010\/03\/bannerAnimato_devAPP-300x86.gif 300w\" sizes=\"auto, (max-width: 468px) 100vw, 468px\" \/><\/a><br \/>\n<\/center><\/p>\n<pre>\r\n<xmp>\r\n<a href=\"https:\/\/www.devapp.it\" target=\"_blank\">\r\n<img loading=\"lazy\" decoding=\"async\" title=\"Banner devAPP\" src=\"https:\/\/www.devapp.it\/wordpress\/wp-content\/uploads\/2010\/03\/bannerAnimato_devAPP.gif\" alt=\"devAPP - Impara a programmare il tuo iPhone\" width=\"468\" height=\"135\" \/>\r\n<\/a>\r\n<\/xmp>\r\n<\/pre>\n<p><center><\/p>\n<h4>BANNER STATICI (.png)<\/h4>\n<p><\/center><\/p>\n<p><center><br \/>\n<img loading=\"lazy\" decoding=\"async\" title=\"Banner devAPP 01\" src=\"https:\/\/www.devapp.it\/wordpress\/banner\/devAPP_01.png\" alt=\"Banner devAPP.it\" width=\"300\" height=\"100\" \/><br \/>\n<\/center><\/p>\n<pre lang=\"html\">\r\n<xmp>\r\n<a href=\"https:\/\/www.devapp.it\" target=\"_blank\">\r\n<img loading=\"lazy\" decoding=\"async\" title=\"Banner devAPP\" src=\"https:\/\/www.devapp.it\/wordpress\/banner\/devAPP_01.png\" alt=\"devAPP - Impara a programmare il tuo iPhone\" width=\"300\" height=\"100\" \/>\r\n<\/a>\r\n<\/xmp>\r\n<\/pre>\n<hr>\n<p><center><br \/>\n<img loading=\"lazy\" decoding=\"async\" title=\"Banner devAPP 02\" src=\"https:\/\/www.devapp.it\/wordpress\/banner\/devAPP_02.png\" alt=\"Banner devAPP.it\" width=\"300\" height=\"100\" \/><br \/>\n<\/center><\/p>\n<pre lang=\"html\" escaped=\"true\">\r\n<xmp>\r\n<a href=\"https:\/\/www.devapp.it\" target=\"_blank\">\r\n<img loading=\"lazy\" decoding=\"async\" title=\"Banner devAPP\" src=\"https:\/\/www.devapp.it\/wordpress\/banner\/devAPP_02.png\" alt=\"devAPP - Impara a programmare il tuo iPhone\" width=\"300\" height=\"100\" \/>\r\n<\/a>\r\n<\/xmp>\r\n<\/pre>\n<hr>\n<p><center><br \/>\n<img loading=\"lazy\" decoding=\"async\" title=\"Banner devAPP 03\" src=\"https:\/\/www.devapp.it\/wordpress\/banner\/devAPP_03.png\" alt=\"Banner devAPP.it\" width=\"300\" height=\"100\" \/><br \/>\n<\/center><\/p>\n<pre lang=\"html\" escaped=\"true\">\r\n<xmp>\r\n<a href=\"https:\/\/www.devapp.it\" target=\"_blank\">\r\n<img loading=\"lazy\" decoding=\"async\" title=\"Banner devAPP\" src=\"https:\/\/www.devapp.it\/wordpress\/banner\/devAPP_03.png\" alt=\"devAPP - Impara a programmare il tuo iPhone\" width=\"300\" height=\"100\" \/>\r\n<\/a>\r\n<\/xmp>\r\n<\/pre>\n<hr>\n<p><center><br \/>\n<img loading=\"lazy\" decoding=\"async\" title=\"Banner devAPP 04\" src=\"https:\/\/www.devapp.it\/wordpress\/banner\/devAPP_04.png\" alt=\"Banner devAPP.it\" width=\"300\" height=\"100\" \/><br \/>\n<\/center><\/p>\n<pre lang=\"html\" escaped=\"true\">\r\n<xmp>\r\n<a href=\"https:\/\/www.devapp.it\" target=\"_blank\">\r\n<img loading=\"lazy\" decoding=\"async\" title=\"Banner devAPP\" src=\"https:\/\/www.devapp.it\/wordpress\/banner\/devAPP_04.png\" alt=\"devAPP - Impara a programmare il tuo iPhone\" width=\"300\" height=\"100\" \/>\r\n<\/a>\r\n<\/xmp>\r\n<\/pre>\n<hr>\n<p><center><br \/>\n<img loading=\"lazy\" decoding=\"async\" title=\"Banner devAPP 05\" src=\"https:\/\/www.devapp.it\/wordpress\/banner\/devAPP_05.png\" alt=\"Banner devAPP.it\" width=\"300\" height=\"100\" \/><br \/>\n<\/center><\/p>\n<pre lang=\"html\" escaped=\"true\">\r\n<xmp>\r\n<a href=\"https:\/\/www.devapp.it\" target=\"_blank\">\r\n<img loading=\"lazy\" decoding=\"async\" title=\"Banner devAPP\" src=\"https:\/\/www.devapp.it\/wordpress\/banner\/devAPP_05.png\" alt=\"devAPP - Impara a programmare il tuo iPhone\" width=\"300\" height=\"100\" \/>\r\n<\/a>\r\n<\/xmp>\r\n<\/pre>\n<hr>\n<p><center><br \/>\n<img loading=\"lazy\" decoding=\"async\" title=\"Banner devAPP 06\" src=\"https:\/\/www.devapp.it\/wordpress\/banner\/devAPP_06.png\" alt=\"Banner devAPP.it\" width=\"300\" height=\"100\" \/><br \/>\n<\/center><\/p>\n<pre lang=\"html\" escaped=\"true\">\r\n<xmp>\r\n<a href=\"https:\/\/www.devapp.it\" target=\"_blank\">\r\n<img loading=\"lazy\" decoding=\"async\" title=\"Banner devAPP\" src=\"https:\/\/www.devapp.it\/wordpress\/banner\/devAPP_06.png\" alt=\"devAPP - Impara a programmare il tuo iPhone\" width=\"300\" height=\"100\" \/>\r\n<\/a>\r\n<\/xmp>\r\n<\/pre>\n<hr>\n<p><center><br \/>\n<img loading=\"lazy\" decoding=\"async\" title=\"Banner devAPP 07\" src=\"https:\/\/www.devapp.it\/wordpress\/banner\/devAPP_07.png\" alt=\"Banner devAPP.it\" width=\"300\" height=\"100\" \/><br \/>\n<\/center><\/p>\n<pre lang=\"html\" escaped=\"true\">\r\n<xmp>\r\n<a href=\"https:\/\/www.devapp.it\" target=\"_blank\">\r\n<img loading=\"lazy\" decoding=\"async\" title=\"Banner devAPP\" src=\"https:\/\/www.devapp.it\/wordpress\/banner\/devAPP_07.png\" alt=\"devAPP - Impara a programmare il tuo iPhone\" width=\"300\" height=\"100\" \/>\r\n<\/a>\r\n<\/xmp>\r\n<\/pre>\n","protected":false},"excerpt":{"rendered":"<p>AIUTACI A DIFFONDERE IL NOSTRO LAVORO Vi piace il nostro lavoro? Volete vedere pubblicate gratuitamente sempre pi\u00f9&#8230;<\/p>\n","protected":false},"author":1,"featured_media":0,"parent":2,"menu_order":0,"comment_status":"open","ping_status":"open","template":"","meta":{"_acf_changed":false,"footnotes":""},"class_list":["post-2435","page","type-page","status-publish","hentry"],"acf":[],"aioseo_notices":[],"_links":{"self":[{"href":"https:\/\/www.devapp.it\/wordpress\/wp-json\/wp\/v2\/pages\/2435","targetHints":{"allow":["GET"]}}],"collection":[{"href":"https:\/\/www.devapp.it\/wordpress\/wp-json\/wp\/v2\/pages"}],"about":[{"href":"https:\/\/www.devapp.it\/wordpress\/wp-json\/wp\/v2\/types\/page"}],"author":[{"embeddable":true,"href":"https:\/\/www.devapp.it\/wordpress\/wp-json\/wp\/v2\/users\/1"}],"replies":[{"embeddable":true,"href":"https:\/\/www.devapp.it\/wordpress\/wp-json\/wp\/v2\/comments?post=2435"}],"version-history":[{"count":58,"href":"https:\/\/www.devapp.it\/wordpress\/wp-json\/wp\/v2\/pages\/2435\/revisions"}],"predecessor-version":[{"id":13577,"href":"https:\/\/www.devapp.it\/wordpress\/wp-json\/wp\/v2\/pages\/2435\/revisions\/13577"}],"up":[{"embeddable":true,"href":"https:\/\/www.devapp.it\/wordpress\/wp-json\/wp\/v2\/pages\/2"}],"wp:attachment":[{"href":"https:\/\/www.devapp.it\/wordpress\/wp-json\/wp\/v2\/media?parent=2435"}],"curies":[{"name":"wp","href":"https:\/\/api.w.org\/{rel}","templated":true}]}}