{"id":537,"date":"2009-10-30T17:31:35","date_gmt":"2009-10-30T16:31:35","guid":{"rendered":"http:\/\/www.devapp.it\/wordpress\/?page_id=537"},"modified":"2022-06-14T12:22:16","modified_gmt":"2022-06-14T10:22:16","slug":"chi-siamo","status":"publish","type":"page","link":"https:\/\/www.devapp.it\/wordpress\/chi-siamo\/","title":{"rendered":"Chi siamo"},"content":{"rendered":"<p>Impara a programmare iPhone, iPod Touch, iPad e Android con devAPP.it. Grazie all&#8217;impegno di decine di sviluppatori professionisti, tutti presenti in App Store con le loro applicazioni, devAPP vuole divenire un punto di riferimento nel panorama della programmazione iOS in Italia. Al suo interno non troverete alcuna notizia o news inerente un qualsiasi argomento che non sia prettamente legato a questo tema, esistono infatti numerosi siti che gi\u00e0 trattano le novit\u00e0 legate al mondo Apple e ai suoi devices. Quello che vogliamo offrire a tutti voi \u00e8 uno strumento unico nel suo genere: materiale di ogni genere e tipo studiato appositamente per voi da sviluppatori iPhone, che vi aiuti, pian piano, a divenire programmatori professionisti e far si che acquisiate le competenze necessarie per realizzare tutte le vostre idee. Il percorso sar\u00e0 sicuramente lungo e non certo semplice, ma siamo certi che ognuno di voi potr\u00e0 ottenere enormi soddisfazioni anche grazie al nostro piccolo contributo.<\/p>\n<p>Su devAPP ad oggi trovate:<\/p>\n<ul>\n<li>Guide teoriche (Cocoa Touch, Objective-C, &#8230;)<\/li>\n<li>Tutorial pratici XCode<\/li>\n<li>Un corso completo di programmazione in C e uno di programmazione in Java<\/li>\n<li>Recensione agli strumenti di sviluppo esistenti<\/li>\n<li>Recensione e consigli sull&#8217;acquisto di manuali cartacei<\/li>\n<li>Segnalazione di materiale OpenSource distribuito tramite internet<\/li>\n<li>Una sezione dedicata ai framework spiegati e commentati nel dettaglio<\/li>\n<li>Un forum professionale con il supporto di programmatori esperti<\/li>\n<li>..e molto altro ancora man mano che andremo avanti, le idee non finiscono mai \ud83d\ude42<\/li>\n<\/ul>\n<p>devAPP \u00e8 una community di sviluppatori e aspiranti tali. La vostra partecipazione attiva alla vita della community \u00e8 graditissima e non solo, crediamo che questa sia indispensabile per una buona riuscita del nostro progetto. Noi faremo in modo di offrirvi sempre pi\u00f9 materiale di qualit\u00e0 su cui lavorare, voi aiutateci a crescere semplicemente partecipando alle nostre attivit\u00e0 e consigliando ai vostri amici aspiranti developer (e non) di seguirci.<\/p>\n<p>Se anche voi, infine, avete idee, suggerimenti o critiche non esistate a contattarci. Per qualsiasi cosa potete scriverci al seguente indirizzo e-mail <a href=\"mailto:info@devapp.it\" target=\"blank\" rel=\"noopener\">info@devapp.it<\/a>.<\/p>\n<h4>LO STAFF devAPP<\/h4>\n<table>\n<tr>\n<td><img loading=\"lazy\" decoding=\"async\" src=\"https:\/\/www.devapp.it\/wordpress\/wp-content\/uploads\/2009\/10\/rynox.jpeg\" alt=\"RinoPicardi\" title=\"RinoPicardi\" width=\"100\" height=\"100\" class=\"alignleft size-full wp-image-542\" \/><\/td>\n<td><strong>Rino Picardi<\/strong> &#8211; Classe 1980, appassionato di informatica e tecnologie da sempre. Nel tempo libero studio ingegneria elettronica, programmo per il mio amato &#8220;melafonino&#8221;, colleziono fumetti di ogni genere, sperimento con la robotica, amo Arduino, suono, disegno fumetti e mi dedico al volontariato in Croce Rossa. Vorrei una giornata di 48 ore e tante vite quante ne hanno i gatti. Film preferito: ovviamente Matrix<\/td>\n<\/tr>\n<tr>\n<td><a href=\"http:\/\/www.devapp.it\/wordpress\/wp-content\/uploads\/2009\/10\/AndreaBusi.png\"><img loading=\"lazy\" decoding=\"async\" src=\"https:\/\/www.devapp.it\/wordpress\/wp-content\/uploads\/2009\/10\/AndreaBusi.png\" alt=\"Andrea Busi\" title=\"AndreaBusi\" width=\"100\" height=\"100\" class=\"aligncenter size-full wp-image-3287\" srcset=\"https:\/\/www.devapp.it\/wordpress\/wp-content\/uploads\/2009\/10\/AndreaBusi.png 100w, https:\/\/www.devapp.it\/wordpress\/wp-content\/uploads\/2009\/10\/AndreaBusi-64x64.png 64w\" sizes=\"auto, (max-width: 100px) 100vw, 100px\" \/><\/a><\/td>\n<td><strong>Andrea Busi<\/strong> &#8211; ha 22 anni ed \u00e8 uno studente di Ingegneria Informatica presso l\u2019Universit\u00e0 di Bergamo. Appassionato d\u2019informatica sin da bambino, conosce molto bene il C++, Java e ultimamente si sta concentrando sulla programmazione per iPhone. Ha scoperto il mondo Apple solo da pochi anni, ma ne \u00e8 rimasto completamente affascinato. Ha gi\u00e0 scritto un book &#8220;Tutorial pratici per iPhone SDK&#8221;, che ha avuto un ottimo successo, e gestisce da quasi due anni BubiDevs, un piccolo blog che ha dato l&#8217;ispirazione anche a devAPP.<\/td>\n<\/tr>\n<tr>\n<td><img loading=\"lazy\" decoding=\"async\" src=\"https:\/\/www.devapp.it\/wordpress\/wp-content\/uploads\/2012\/01\/IgnazioC.png\" alt=\"IgnazioC\" title=\"IgnazioC\" width=\"100\" height=\"100\" class=\"alignleft size-full wp-image-1101\" \/><\/td>\n<td><strong>Ignazio Cal\u00f2<\/strong> &#8211; Un altro classe 1980..forse l&#8217;ultima generazione ad essere nata senza computer.<br \/>\nDa quando ho comprato il mio primo amd k6-2 non ho pi\u00f9 staccato le mani dalla tastiera.<br \/>\nHo lavorato diversi anni in un laboratorio di assistenza tecnica (windows) ed in quel periodo ho iniziato realizzare programmi di contabilit\u00e0 per qualche cliente, all&#8217;inizio con le macro di excel \ud83d\ude42 poi volevamo farli crashare e quindi abbiamo adottato il vb.net \ud83d\ude1b \ud83d\ude1b<br \/>\nDopo un po&#8217; mi sono stancato del lavoro da impiegato e mi sono messo in proprio, recuperando anche il tempo per frequentare l&#8217;universit\u00e0 dove mi sono laureato in informatica ( computer science, mica ingegneria! ).<br \/>\nAdesso ho ripreso il lavoro fulltime in quel di Milano dove lavoro in un&#8217;agenzia di comunicazione gestendo la parte di sviluppo applicazioni mobili.<br \/>\nIl mio sogno nel cassetto \u00e8 quello di poter lavorare all&#8217;estero insieme alla mia compagna, chiss\u00e1 che qualche volta non mi trasferisco a Cupertino..<\/td>\n<\/tr>\n<tr>\n<td><a href=\"http:\/\/www.devapp.it\/wordpress\/wp-content\/uploads\/2009\/10\/aCappellotto.jpg\"><img loading=\"lazy\" decoding=\"async\" src=\"https:\/\/www.devapp.it\/wordpress\/wp-content\/uploads\/2009\/10\/aCappellotto.jpg\" alt=\"Andrea Cappellotto\" title=\"aCappellotto\" width=\"100\" height=\"100\" class=\"aligncenter size-full wp-image-3878\" srcset=\"https:\/\/www.devapp.it\/wordpress\/wp-content\/uploads\/2009\/10\/aCappellotto.jpg 100w, https:\/\/www.devapp.it\/wordpress\/wp-content\/uploads\/2009\/10\/aCappellotto-64x64.jpg 64w\" sizes=\"auto, (max-width: 100px) 100vw, 100px\" \/><\/a><\/td>\n<td><strong>Andrea Cappellotto<\/strong> &#8211; Ho 20 anni, sono veneto e frequento il secondo anno di scienze Informatiche a Trento. Mi sono diplomato come Perito Elettrotecnico nel 2008 e sempre dal 2008 ho iniziato la mia carriera lavorativa come sistemista in una azienda dove abito. Sono sempre stato un patito della tecnologia, e anche di tutte le cose marchiate dalla mela. Qualche mese fa ho iniziato a programmare applicazioni per il nostro melafonino e da allora non ho pi\u00f9 smesso. Ultimamente ho iniziato una collaborazione con una ditta da Riva del Garda, dove lavoro come programmatore per iPhone e iPad. Mi piace la tecnologia in generale, tutto quello che che contiene circuiti mi attira. Sono un appassionato di film e libri, anche se il tempo \u00e8 sempre poco.<\/td>\n<\/tr>\n<tr>\n<td><a href=\"http:\/\/www.devapp.it\/wordpress\/wp-content\/uploads\/2009\/10\/Gabriele-Merlonghi.jpg\"><img loading=\"lazy\" decoding=\"async\" src=\"https:\/\/www.devapp.it\/wordpress\/wp-content\/uploads\/2009\/10\/Gabriele-Merlonghi.jpg\" alt=\"Gabriele Merlonghi\" title=\"Gabriele-Merlonghi\" width=\"100\" height=\"100\" class=\"aligncenter size-full wp-image-9058\" \/><\/a><\/td>\n<td><strong>Gabriele Merlonghi<\/strong> &#8211; Sono nato a Macerata (Marche), sin da piccolo i temi che ruotano attorno al mondo dell&#8217;elettronica mi hanno sempre affascinato e quando frequentavo le scuole medie, andavo di nascosto a smontare pezzi di televisioni rotte nelle discariche dei centri d&#8217;assistenza. Roba di altri tempi!<br \/>\nOra ho un ruolo di manager in un&#8217;azienda di elettrodomestici marchigiana, mi occupo di sviluppo firmware embedded. E&#8217; incredibile quello che si pu\u00f2 realizzare con dei piccoli microcontrollori al giorno d&#8217;oggi.<br \/>\nDa sempre sono anche appassionato d&#8217;informatica, ma solo da poco mi sono buttato sulla programmazione iOS per passione con gli oggetti Apple e, perch\u00e9 no, anche un po&#8217; di business non guasterebbe.\n<\/td>\n<\/tr>\n<tr>\n<td><a href=\"http:\/\/www.devapp.it\/wordpress\/wp-content\/uploads\/2009\/10\/Fabio_Budai.png\"><img loading=\"lazy\" decoding=\"async\" src=\"https:\/\/www.devapp.it\/wordpress\/wp-content\/uploads\/2009\/10\/Fabio_Budai.png\" alt=\"Fabio_Budai\" title=\"Fabio_Budai\" width=\"100\" height=\"100\" class=\"aligncenter size-full wp-image-8838\" \/><\/a><\/td>\n<td><strong>Fabio Budai<\/strong> &#8211; Sviluppatore sia di proprie app che per conto terzi, detiene uno dei pi\u00f9 assurdi nickname del panorama iOS: &#8216;il Malvagio Dottor Prosciutto&#8217;, opera dei suoi figli.<\/td>\n<\/tr>\n<tr>\n<td><img loading=\"lazy\" decoding=\"async\" src=\"https:\/\/www.devapp.it\/wordpress\/wp-content\/uploads\/2009\/10\/ombra.JPG\" alt=\"ombra\" title=\"ombra\" width=\"100\" height=\"100\" class=\"aligncenter size-full wp-image-601\" \/><\/td>\n<td><strong>Francesco Montrone<\/strong> &#8211; nasce nel millenovecentoantacinque, si matura al Regio Liceo Classico &#8220;D. Morea&#8221; nel luglio e a settembre inizia a lavorare come fonico e progettista audio (\u00e8 stato precursore dell&#8217;uso di tecniche digitali).<br \/>\nMentre resta un mistero il perch\u00e9 non abbia proseguito gli studi umanistici, di certo si sa che durante la spiegazione dell&#8217;ottativo, scriveva programmi per lo ZX81 ed epiche erano le sue sfide a poke (senza la &#8220;r&#8221; sul C64). Pare non abbia mai oltrepassato la fase adolescenziale e una leggenda narra che il giorno del suo matrimonio sia stato lui (e non il sagrestano) ad aprire il portone della chiesa per farvi entrare la sposa.<br \/>\nHa trasmesso l&#8217;amore per la fotografia alla figlia che ha avuto la scaltrezza di superare il maestro. Sviluppa software su Mac per necessit\u00e0 (il figlioletto lo ha spodestato dalla postazione Windows per giocare sul sito di PoissonRouge).<br \/>\nAlcuni lo vogliono attivo su showtools.it, una sintesi delle sue massime aspirazioni.<\/td>\n<\/tr>\n<tr>\n<td><img loading=\"lazy\" decoding=\"async\" src=\"https:\/\/www.devapp.it\/wordpress\/wp-content\/uploads\/2009\/10\/mcappadonna.jpg\" alt=\"Matteo Cappadonna\" title=\"mcappadonna\" width=\"100\" height=\"100\" class=\"aligncenter size-full wp-image-9524\" \/><\/td>\n<td><strong>Matteo Cappadonna<\/strong> &#8211; ho 27 anni, e faccio il libero professionista nel campo dell&#8217;informatica.<br \/>\nSono appassionato di programmazione fin dai tempi del Commodore 64, e felice utente Apple da diversi anni.<br \/>\nIl passaggio alla mela mi ha anche avvicinato al mondo dello sviluppo su iOS, di cui mi occupo (attualmente) in maniera amatoriale.<\/td>\n<\/tr>\n<tr>\n<td><a href=\"http:\/\/www.devapp.it\/wordpress\/wp-content\/uploads\/2009\/10\/ilona.jpg\"><img loading=\"lazy\" decoding=\"async\" src=\"https:\/\/www.devapp.it\/wordpress\/wp-content\/uploads\/2009\/10\/ilona.jpg\" alt=\"Ilona Mucelli\" title=\"Ilona Mucelli\" width=\"100\" height=\"100\" class=\"aligncenter size-full wp-image-1525\" \/><\/a><\/td>\n<td><strong>Ilona Mucelli<\/strong> &#8211; Cresciuta inventando nuovi giocattoli e modi per divertirmi, finch\u00e8 Apple non me ha fornito uno da cui non mi sono pi\u00f9 separata, ben dodici anni fa. Per via degli studi ho imparato ad utilizzare i vari ambienti a disposizione sulla piazza, ma nulla reggeva il confronto con il mio primo, vero e unico amore. Diploma in Grafica Pubblicitaria e Laureanda in Graphic and Virtual Design al Politecnico di Torino. Amo il disegno, ma in particolar modo realizzare le mie piccole invenzioni. Sogno nel cassetto progettare e realizzare anche le idee degli altri \ud83d\ude1b<\/td>\n<\/tr>\n<tr>\n<td><a href=\"http:\/\/www.devapp.it\/wordpress\/wp-content\/uploads\/2009\/10\/mpiastra.jpg\"><img loading=\"lazy\" decoding=\"async\" src=\"https:\/\/www.devapp.it\/wordpress\/wp-content\/uploads\/2009\/10\/mpiastra.jpg\" alt=\"Manuele Piastra\" title=\"Manuele Piastra\" width=\"100\" height=\"100\" class=\"aligncenter size-full wp-image-7618\" \/><\/a><\/td>\n<td><strong>Manuele Piastra<\/strong> &#8211; nato nel 1972 e laureato in Ingegneria Informatica presso l&#8217;Universit\u00e0 di Pisa. Project Manager e JavaEE Evangelist da 8 anni ha programmato utilizzando diversi linguaggi Object Oriented e vari strumenti di sviluppo. Nel tempo libero segue le novit\u00e0 del mondo informatico e scrive articoli tecnici su Java e Scala sul blog CoseNonJaviste, di cui \u00e8 cofondatore.<\/td>\n<\/tr>\n<tr>\n<td><img loading=\"lazy\" decoding=\"async\" src=\"https:\/\/www.devapp.it\/wordpress\/wp-content\/uploads\/2009\/10\/ombra.JPG\" alt=\"ombra\" title=\"ombra\" width=\"100\" height=\"100\" class=\"aligncenter size-full wp-image-601\" \/><\/td>\n<td><strong>Luigi Marino<\/strong> &#8211; Imprenditore nel settore degli eventi. Diplomato all&#8217;Istituto ITIS frequenta due anni di Ingegneria informatica prima di dedicarsi interamente all&#8217;attivit\u00e0 imprenditoriale. Esperienze di programmazione in C++ e Java. Si \u00e8 addentrato da poco nel mondo Apple. Acquista il suo primo iphone a Luglio 2009 mentre ad Ottobre 2009 il suo primo MacBook. Ad Ottobre 2009 inizia la programmazione con SDK, in fase di approvazione due applicazioni iphone.<\/td>\n<\/tr>\n<p><!--\n\n\n<tr>\n\n\n<td><a href=\"http:\/\/www.devapp.it\/wordpress\/wp-content\/uploads\/2009\/10\/Noemi_Scala.jpg\"><img loading=\"lazy\" decoding=\"async\" src=\"https:\/\/www.devapp.it\/wordpress\/wp-content\/uploads\/2009\/10\/Noemi_Scala.jpg\" alt=\"Foto Noemi Scala\" title=\"Noemi_Scala\" width=\"100\" height=\"100\" class=\"aligncenter size-full wp-image-1737\" \/><\/a><\/td>\n\n\n\n\n<td><strong>Noemi Scala<\/strong> - diploma di maturit\u00e0 linguistica, laureanda in Lingue e Letterature Straniere e fervida germanista, le mie pi\u00f9 grandi passioni sono la letteratura, la filosofia e il teatro. Attrice professionista, redigo saggi e mi occupo di traduzioni di ogni genere  dall'italiano al francese, spagnolo, tedesco e inglese e viceversa.\nDopo un breve periodo di studio intensivo della lingua danese, il mio prossimo obiettivo sar\u00e0 quello di imparare anche l'olandese!<\/td>\n\n\n<\/tr>\n\n\n--><\/p>\n<tr>\n<td><img loading=\"lazy\" decoding=\"async\" src=\"https:\/\/www.devapp.it\/wordpress\/wp-content\/uploads\/2009\/10\/FrancescoBurelli.jpg\" alt=\"FrancescoBurelli\" title=\"FrancescoBurelli\" width=\"100\" height=\"100\" class=\"aligncenter size-full wp-image-606\" \/><\/td>\n<td><strong>Francesco Burelli<\/strong> &#8211; Studente all&#8217; universit\u00e0 di ingegneria informatica a Bologna, appassionato da sempre di informatica passo molto tempo a sperimentare miei programmini su diverse piattaforme e ultimamente molto su iPhone. Per il momento ho una solo applicazione sull&#8217; AppStore ma sto attualmente lavorando ad un&#8217;altra molto complessa che mi ruba molto tempo allo studio&#8230; Altro hobby \u00e8 il motociclismo. Appena riuscir\u00f2 mi prender\u00f2 una Ducati o una MV Agusta!<\/td>\n<\/tr>\n<tr>\n<td><img loading=\"lazy\" decoding=\"async\" src=\"https:\/\/www.devapp.it\/wordpress\/wp-content\/uploads\/2009\/10\/ombra.JPG\" alt=\"ombra\" title=\"ombra\" width=\"100\" height=\"100\" class=\"aligncenter size-full wp-image-601\" \/><\/td>\n<td><strong>Gabriele Pongelli<\/strong> &#8211; Classe 1984, \u00e8 un Ingegnere delle Telecomunicazioni con la passione dell&#8217;informatica da quando cominci\u00f2 ad utilizzare il 80286 di casa. Scopre il mondo linux per caso e la possibilit\u00e0 di programmarlo in tutti i suoi aspetti e se ne appassiona a tal punto che lo utilizzer\u00e0 (e ne modificher\u00e0 il kernel) per la sua Tesi di Laurea.<br \/>\nSuccessivamente scopre il mondo Apple grazie al suo iPhone, mondo sempre osservato a debita distanza, e se ne interessa anche grazie al sito devApp. Attualmente si occupa di software embedded su sistemi hard real-time.\n<\/td>\n<\/tr>\n<tr>\n<td><a href=\"http:\/\/www.devapp.it\/wordpress\/wp-content\/uploads\/2009\/10\/david_pollak.png\"><img loading=\"lazy\" decoding=\"async\" src=\"https:\/\/www.devapp.it\/wordpress\/wp-content\/uploads\/2009\/10\/david_pollak.png\" alt=\"Foto di David Pollak\" title=\"david_pollak\" width=\"100\" height=\"100\" class=\"aligncenter size-full wp-image-1634\" \/><\/a><\/td>\n<td><strong>David Pollak<\/strong> &#8211; Ragazzo classe &#8217;94 Fiorentino e meta&#8217; olandese, giovane ma con una grande passione per l&#8217;informatica, la chitarra ed il mondo Apple. Ho iniziato la divinazione per la Mela quando nel 2006 sono passato a Tiger con il mio Mac Mini e lo scorso ottobre ho ricevuto il mio MacBook Pro. Mi sono innamorato dell&#8217;iPhone, adesso uso un 3GS ma prima ho avuto un 3G. Frequento il secondo anno di Liceo Scientifico a Firenze; in programmazione sto imparando le basi, sviluppando le mie prime e semplici applicazioni su piattaforma iPhoneOS che presto (si spera) appariranno su AppStore<\/td>\n<\/tr>\n<tr>\n<td><img loading=\"lazy\" decoding=\"async\" src=\"https:\/\/www.devapp.it\/wordpress\/wp-content\/uploads\/2009\/10\/ombra.JPG\" alt=\"ombra\" title=\"ombra\" width=\"100\" height=\"100\" class=\"aligncenter size-full wp-image-601\" \/><\/td>\n<td><strong>Gino Sarnieri<\/strong> &#8211; Sono un consulente informatico di 34 anni. Lavoro da circa 15 anni presso varie societ\u00e1 in italia, attualmente sono in FAO.<br \/>\nSviluppo in tutti i linguaggi di programmazione, da Java a C++, dal PHP ad Adobe Flex.<br \/>\nUltimamente ho comprato un iPhone e sto sviluppando per questo magnifico dispositivo, Attualmente sull&#8217;appStore trovate PuntiPatente+ (al primo posto da venerd\u00ed 9 aprile) e ricette Romane.<\/td>\n<\/tr>\n<tr>\n<td><a href=\"http:\/\/www.devapp.it\/wordpress\/wp-content\/uploads\/2009\/10\/fruocco.jpg\"><img loading=\"lazy\" decoding=\"async\" src=\"https:\/\/www.devapp.it\/wordpress\/wp-content\/uploads\/2009\/10\/fruocco.jpg\" alt=\"Fabrizio Ruocco\" title=\"fruocco\" width=\"100\" height=\"100\" class=\"aligncenter size-full wp-image-2555\" srcset=\"https:\/\/www.devapp.it\/wordpress\/wp-content\/uploads\/2009\/10\/fruocco.jpg 100w, https:\/\/www.devapp.it\/wordpress\/wp-content\/uploads\/2009\/10\/fruocco-50x50.jpg 50w\" sizes=\"auto, (max-width: 100px) 100vw, 100px\" \/><\/a><\/td>\n<td><strong>Fabrizio Ruocco<\/strong> &#8211; Sviluppatore di iWatchITMobile, studente di Ingengeria Informatica presso l&#8217;Universit\u00e0 degli Studi di Napoli Federico II. Appassionato di informatica ed elettronica in generale, al momento impegnato nella realizzazione di un applicazione gestionale per negozi di ottica e nello sviluppo di una serie di applicazioni pubblicitarie su AppStore per promuovere i vari negozi della catena OXO.<\/td>\n<\/tr>\n<tr>\n<td><a href=\"http:\/\/www.devapp.it\/wordpress\/wp-content\/uploads\/2009\/10\/mBonechi.jpg\"><img loading=\"lazy\" decoding=\"async\" src=\"https:\/\/www.devapp.it\/wordpress\/wp-content\/uploads\/2009\/10\/mBonechi.jpg\" alt=\"Massimo Bonechi\" title=\"mBonechi\" width=\"100\" height=\"100\" class=\"aligncenter size-full wp-image-2777\" srcset=\"https:\/\/www.devapp.it\/wordpress\/wp-content\/uploads\/2009\/10\/mBonechi.jpg 100w, https:\/\/www.devapp.it\/wordpress\/wp-content\/uploads\/2009\/10\/mBonechi-50x50.jpg 50w\" sizes=\"auto, (max-width: 100px) 100vw, 100px\" \/><\/a><\/td>\n<td><strong>Massimo Bonechi<\/strong> &#8211; Classe 72, ha visto nascere i primi pc. Da subito si \u00e8 dedicato alla programmazione. Il primo Mac? Da gennaio 2009, e non lo ha pi\u00f9 abbandonato. Attualmente ha una societ\u00e0 che sviluppa applicativi, nel web e nel settore dell\u2019automazione. Linguaggi utilizzati: C, Java, Vb.Net e naturalmente Objective-C.<\/td>\n<\/tr>\n<tr>\n<td><a href=\"http:\/\/www.devapp.it\/wordpress\/wp-content\/uploads\/2009\/10\/aFrascoli.jpg\"><img loading=\"lazy\" decoding=\"async\" src=\"https:\/\/www.devapp.it\/wordpress\/wp-content\/uploads\/2009\/10\/aFrascoli.jpg\" alt=\"Andrea Frascoli\" title=\"aFrascoli\" width=\"100\" height=\"100\" class=\"aligncenter size-full wp-image-3829\" srcset=\"https:\/\/www.devapp.it\/wordpress\/wp-content\/uploads\/2009\/10\/aFrascoli.jpg 100w, https:\/\/www.devapp.it\/wordpress\/wp-content\/uploads\/2009\/10\/aFrascoli-64x64.jpg 64w\" sizes=\"auto, (max-width: 100px) 100vw, 100px\" \/><\/a><\/td>\n<td><strong>Andrea Frascoli<\/strong> &#8211; \u00e8 laureato in Ingegneria Elettronica a Pavia. Attualmente lavora come HW Designer e Field Application Engeneer. Da anni appassionato di tecnologia in ogni sua forma e colore, non disdegna nulla di tutto ci\u00f2 che \u00e8 cultura, come musica, arte, politica e cinema. Ultimi sui immensi interessi sono i viaggi e la cucina.<\/td>\n<\/tr>\n<tr>\n<td><a href=\"http:\/\/www.devapp.it\/wordpress\/wp-content\/uploads\/2009\/10\/mg.jpg\"><img loading=\"lazy\" decoding=\"async\" src=\"https:\/\/www.devapp.it\/wordpress\/wp-content\/uploads\/2009\/10\/mg.jpg\" alt=\"Maria Grazia D&#039;Aquino\" title=\"Maria Grazia D&#039;Aquino\" width=\"100\" height=\"100\" class=\"aligncenter size-full wp-image-4420\" srcset=\"https:\/\/www.devapp.it\/wordpress\/wp-content\/uploads\/2009\/10\/mg.jpg 100w, https:\/\/www.devapp.it\/wordpress\/wp-content\/uploads\/2009\/10\/mg-92x92.jpg 92w, https:\/\/www.devapp.it\/wordpress\/wp-content\/uploads\/2009\/10\/mg-64x64.jpg 64w\" sizes=\"auto, (max-width: 100px) 100vw, 100px\" \/><\/a><\/td>\n<td><strong>Maria Grazia D&#8217;Aquino<\/strong> &#8211; Milanese, ho iniziato la mia attivit\u00e0 come web designer per passare poi allo<br \/>\nsviluppo software, principalmente PHP e Java.<br \/>\nMi piace la grafica, il design e pensare che gli strumenti del nostro lavoro<br \/>\nquotidiano debbano essere belli oltre che efficienti.<br \/>\nSono utente Mac da 10 anni e ho un interesse particolare per il settore mobile<br \/>\nin generale, verso il quale sto reindirizzando la mia carriera.<br \/>\nApprezzo particolarmente il mondo anglosassone e appena posso mi &#8216;rifugio&#8217; a Londra per un<br \/>\nweekend o a Boston quando ho pi\u00f9 tempo.<\/td>\n<\/tr>\n<tr>\n<td><a href=\"http:\/\/www.devapp.it\/wordpress\/wp-content\/uploads\/2009\/10\/fguglielmino.jpg\"><img loading=\"lazy\" decoding=\"async\" src=\"https:\/\/www.devapp.it\/wordpress\/wp-content\/uploads\/2009\/10\/fguglielmino.jpg\" alt=\"Fabrizio Guglielmino\" title=\"fguglielmino\" width=\"100\" height=\"100\" class=\"aligncenter size-full wp-image-4611\" srcset=\"https:\/\/www.devapp.it\/wordpress\/wp-content\/uploads\/2009\/10\/fguglielmino.jpg 100w, https:\/\/www.devapp.it\/wordpress\/wp-content\/uploads\/2009\/10\/fguglielmino-92x92.jpg 92w, https:\/\/www.devapp.it\/wordpress\/wp-content\/uploads\/2009\/10\/fguglielmino-64x64.jpg 64w\" sizes=\"auto, (max-width: 100px) 100vw, 100px\" \/><\/a><\/td>\n<td><strong>Fabrizio Guglielmino<\/strong> &#8211; Appassionato al software fin dalla tenera et\u00e0, quando programmavo in basic e assembler z80 sul mio Videopac, non ho pi\u00f9 smesso di dedicarmi a questa attivit\u00e0.<br \/>\nHo lavorato presso svariate ditte del settore fino a diventare socio di Infit S.r.l, software house di Torino dedita al software engineering. Conosco svariati linguaggi e sistemi operativi, ho da sempre prestato particolare attenzione al mondo mobile\/embedded realizzando applicazioni per piattaforme come Palm OS, Windows CE e arrivando gradualmente ai giorni nostri su piattaforma iOS e Android.<\/td>\n<\/tr>\n<tr>\n<td><a href=\"http:\/\/www.devapp.it\/wordpress\/wp-content\/uploads\/2009\/10\/gnobile.jpg\"><img loading=\"lazy\" decoding=\"async\" src=\"https:\/\/www.devapp.it\/wordpress\/wp-content\/uploads\/2009\/10\/gnobile.jpg\" alt=\"Giorgio Nobile\" title=\"gnobile\" width=\"100\" height=\"100\" class=\"aligncenter size-full wp-image-4728\" srcset=\"https:\/\/www.devapp.it\/wordpress\/wp-content\/uploads\/2009\/10\/gnobile.jpg 100w, https:\/\/www.devapp.it\/wordpress\/wp-content\/uploads\/2009\/10\/gnobile-92x92.jpg 92w, https:\/\/www.devapp.it\/wordpress\/wp-content\/uploads\/2009\/10\/gnobile-64x64.jpg 64w\" sizes=\"auto, (max-width: 100px) 100vw, 100px\" \/><\/a><\/td>\n<td>\n<strong>Giorgio Nobile<\/strong> &#8211; Consulente informatico presso un velocissimo ISP \ud83d\ude00<br \/>\nAmo tutto cio che \u00e8 tecnologico, ho scoperto apple da quasi due anni e mi ha stregato \ud83d\ude00<br \/>\nAmo i motori, i viaggi ma soprattutto lo snowboard e i miei cani.\n<\/td>\n<\/tr>\n<tr>\n<td><img loading=\"lazy\" decoding=\"async\" src=\"https:\/\/www.devapp.it\/wordpress\/wp-content\/uploads\/2009\/10\/theolternative.jpg\" alt=\"RossiMatteo\" title=\"RossiMatteo\" width=\"100\" height=\"100\" class=\"alignleft size-full wp-image-539\" \/><\/td>\n<td>\n<strong>Matteo Rossi<\/strong> &#8211; Ingegnere civile di professione uso Mac dal 1991. Dopo anni passati a scrivere programmi in Objective C ad uso personale ho deciso di provare con iPhone solleticato dall&#8217;idea di essere presente in tutto il mondo con una mia applicazione. La famiglia ed un&#8217;associazione culturale occupano il resto del mio tempo.\n<\/td>\n<\/tr>\n<tr>\n<td><\/td>\n<td><\/td>\n<\/tr>\n<\/table>\n","protected":false},"excerpt":{"rendered":"<p>Impara a programmare iPhone, iPod Touch, iPad e Android con devAPP.it. Grazie all&#8217;impegno di decine di sviluppatori&#8230;<\/p>\n","protected":false},"author":1,"featured_media":0,"parent":0,"menu_order":0,"comment_status":"open","ping_status":"open","template":"","meta":{"_acf_changed":false,"footnotes":""},"class_list":["post-537","page","type-page","status-publish","hentry"],"acf":[],"aioseo_notices":[],"_links":{"self":[{"href":"https:\/\/www.devapp.it\/wordpress\/wp-json\/wp\/v2\/pages\/537","targetHints":{"allow":["GET"]}}],"collection":[{"href":"https:\/\/www.devapp.it\/wordpress\/wp-json\/wp\/v2\/pages"}],"about":[{"href":"https:\/\/www.devapp.it\/wordpress\/wp-json\/wp\/v2\/types\/page"}],"author":[{"embeddable":true,"href":"https:\/\/www.devapp.it\/wordpress\/wp-json\/wp\/v2\/users\/1"}],"replies":[{"embeddable":true,"href":"https:\/\/www.devapp.it\/wordpress\/wp-json\/wp\/v2\/comments?post=537"}],"version-history":[{"count":65,"href":"https:\/\/www.devapp.it\/wordpress\/wp-json\/wp\/v2\/pages\/537\/revisions"}],"predecessor-version":[{"id":13712,"href":"https:\/\/www.devapp.it\/wordpress\/wp-json\/wp\/v2\/pages\/537\/revisions\/13712"}],"wp:attachment":[{"href":"https:\/\/www.devapp.it\/wordpress\/wp-json\/wp\/v2\/media?parent=537"}],"curies":[{"name":"wp","href":"https:\/\/api.w.org\/{rel}","templated":true}]}}