{"id":9526,"date":"2012-09-17T16:05:49","date_gmt":"2012-09-17T14:05:49","guid":{"rendered":"http:\/\/www.devapp.it\/wordpress\/?page_id=9526"},"modified":"2012-09-17T16:18:41","modified_gmt":"2012-09-17T14:18:41","slug":"gps-alarm-pro","status":"publish","type":"page","link":"https:\/\/www.devapp.it\/wordpress\/supporto-applicazioni\/le-applicazioni-dei-nostri-autori\/gps-alarm-pro\/","title":{"rendered":"GPS Alarm Pro"},"content":{"rendered":"<p><a href=\"http:\/\/clk.tradedoubler.com\/click?p=24373&#038;a=1735897&#038;g=0&#038;url=http:\/\/itunes.apple.com\/it\/app\/gps-alarm-pro\/id435336524?mt=8&#038;partnerId=2003\" target=\"_blank\"><img loading=\"lazy\" decoding=\"async\" src=\"http:\/\/www.devapp.it\/wordpress\/wp-content\/uploads\/2012\/09\/GPSAlarmPro-Icon.jpg\" alt=\"GPSAlarmPro-Icon\" title=\"GPSAlarmPro-Icon\" width=\"100\" height=\"100\" class=\"alignleft size-full wp-image-9527\" \/><\/a> <strong>Progetto, Sviluppo e Grafica:<\/strong> Gabriele Merlonghi<br \/>\n<strong>Prezzo:<\/strong> 0,79 \u20ac<br \/>\n[<a href=\"http:\/\/clk.tradedoubler.com\/click?p=24373&#038;a=1735897&#038;g=0&#038;url=http:\/\/itunes.apple.com\/it\/app\/gps-alarm-pro\/id435336524?mt=8&#038;partnerId=2003\" target=\"_blank\">Link App Store<\/a>]<\/p>\n<p><strong>Descrizione in AppStore:<\/strong> GPS Alarm Pro \u00e8 un\u2019applicazione avanzata di sveglia geo-localizzata per iOS.<\/p>\n<p>L&#8217;applicazione controller\u00e0 la fermata per voi e dar\u00e0 un allarme quando ci si avvicina alla destinazione. Per impostare la destinazione \u00e8 molto semplice: Ricerca su Google Maps, Annotazione di Pin e Rubrica Indirizzi. Si pu\u00f2 sempre aumentarne la precisione del posizionamento usando lo zoom della mappa e utilizzare la funzione clicca e trascina per sistemare l&#8217;annotazione del Pin.<\/p>\n<p>Grazie al multitasking di iOS 4, questa applicazione funziona anche in modalit\u00e0 background, cos\u00ec si pu\u00f2 usare l&#8217;iPhone per fare qualsiasi altra cosa durante il viaggio e la monitorizzazione GPS continuer\u00e0 a funzionare.<\/p>\n<p>Caratteristiche:<\/p>\n<ul>\n<li>Sfrutta il Background \u2013 per esempio si pu\u00f2 giocare o leggere email e notizie mentre l&#8217;applicazione \u00e8 in esecuzione in background<\/li>\n<li>Molto facile da usare \u2013 Molto facile da configurare la destinazione<\/li>\n<li>Informazioni chiare \u2013 L&#8217;utente pu\u00f2 vedere la distanza dalla destinazione in tempo reale, la schermata principale \u00e8 molto simile a quella di G. Maps<\/li>\n<li>Smart Zoom Mappa \u2013 Un solo clic per avere lo zoom migliore che include dentro sia la posizione dell&#8217;iDevice che il Pin di annotazione di destinazione<\/li>\n<li>Gestione Lista Preferiti \u2013 L&#8217;utente pu\u00f2 impostare diversi allarmi per poterli richiamare successivamente<\/li>\n<li>Personalizzabile \u2013 L&#8217;icona della destinazione, la distanza dalla destinazione per far scattare l\u2019allarme, ecc..<\/li>\n<li>Salva il traffico dati \u2013 Per funzionare richiede solo il GPS, la connessione dati \u00e8 utilizzata solo durante l&#8217;impostazione dell&#8217;allarme<\/li>\n<\/ul>\n<p>Screenshot<\/p>\n<p><center><br \/>\n<a href=\"http:\/\/www.devapp.it\/wordpress\/wp-content\/uploads\/2012\/09\/GPSAlarmPro01.jpg\"><img loading=\"lazy\" decoding=\"async\" src=\"http:\/\/www.devapp.it\/wordpress\/wp-content\/uploads\/2012\/09\/GPSAlarmPro01.jpg\" alt=\"GPSAlarmPro01\" title=\"GPSAlarmPro01\" width=\"300\" height=\"450\" class=\"aligncenter size-full wp-image-9528\" srcset=\"https:\/\/www.devapp.it\/wordpress\/wp-content\/uploads\/2012\/09\/GPSAlarmPro01.jpg 550w, https:\/\/www.devapp.it\/wordpress\/wp-content\/uploads\/2012\/09\/GPSAlarmPro01-200x300.jpg 200w\" sizes=\"auto, (max-width: 300px) 100vw, 300px\" \/><\/a><br \/>\n<\/center><\/p>\n<p><center><br \/>\n<a href=\"http:\/\/www.devapp.it\/wordpress\/wp-content\/uploads\/2012\/09\/GPSAlarmPro02.jpg\"><img loading=\"lazy\" decoding=\"async\" src=\"http:\/\/www.devapp.it\/wordpress\/wp-content\/uploads\/2012\/09\/GPSAlarmPro02.jpg\" alt=\"GPSAlarmPro02\" title=\"GPSAlarmPro02\" width=\"300\" height=\"450\" class=\"aligncenter size-full wp-image-9529\" srcset=\"https:\/\/www.devapp.it\/wordpress\/wp-content\/uploads\/2012\/09\/GPSAlarmPro02.jpg 550w, https:\/\/www.devapp.it\/wordpress\/wp-content\/uploads\/2012\/09\/GPSAlarmPro02-200x300.jpg 200w\" sizes=\"auto, (max-width: 300px) 100vw, 300px\" \/><\/a><br \/>\n<\/center><\/p>\n<p><center><br \/>\n<a href=\"http:\/\/www.devapp.it\/wordpress\/wp-content\/uploads\/2012\/09\/GPSAlarmPro03.jpg\"><img loading=\"lazy\" decoding=\"async\" src=\"http:\/\/www.devapp.it\/wordpress\/wp-content\/uploads\/2012\/09\/GPSAlarmPro03.jpg\" alt=\"GPSAlarmPro03\" title=\"GPSAlarmPro03\" width=\"300\" height=\"450\" class=\"aligncenter size-full wp-image-9530\" srcset=\"https:\/\/www.devapp.it\/wordpress\/wp-content\/uploads\/2012\/09\/GPSAlarmPro03.jpg 550w, https:\/\/www.devapp.it\/wordpress\/wp-content\/uploads\/2012\/09\/GPSAlarmPro03-200x300.jpg 200w\" sizes=\"auto, (max-width: 300px) 100vw, 300px\" \/><\/a><br \/>\n<\/center><\/p>\n<p><center><br \/>\n<a href=\"http:\/\/www.devapp.it\/wordpress\/wp-content\/uploads\/2012\/09\/GPSAlarmPro04.jpg\"><img loading=\"lazy\" decoding=\"async\" src=\"http:\/\/www.devapp.it\/wordpress\/wp-content\/uploads\/2012\/09\/GPSAlarmPro04.jpg\" alt=\"GPSAlarmPro04\" title=\"GPSAlarmPro04\" width=\"300\" height=\"450\" class=\"aligncenter size-full wp-image-9531\" srcset=\"https:\/\/www.devapp.it\/wordpress\/wp-content\/uploads\/2012\/09\/GPSAlarmPro04.jpg 550w, https:\/\/www.devapp.it\/wordpress\/wp-content\/uploads\/2012\/09\/GPSAlarmPro04-200x300.jpg 200w\" sizes=\"auto, (max-width: 300px) 100vw, 300px\" \/><\/a><br \/>\n<\/center><\/p>\n<p><center><br \/>\n<a href=\"http:\/\/www.devapp.it\/wordpress\/wp-content\/uploads\/2012\/09\/GPSAlarmPro05.jpg\"><img loading=\"lazy\" decoding=\"async\" src=\"http:\/\/www.devapp.it\/wordpress\/wp-content\/uploads\/2012\/09\/GPSAlarmPro05.jpg\" alt=\"GPSAlarmPro05\" title=\"GPSAlarmPro05\" width=\"300\" height=\"450\" class=\"aligncenter size-full wp-image-9532\" srcset=\"https:\/\/www.devapp.it\/wordpress\/wp-content\/uploads\/2012\/09\/GPSAlarmPro05.jpg 550w, https:\/\/www.devapp.it\/wordpress\/wp-content\/uploads\/2012\/09\/GPSAlarmPro05-200x300.jpg 200w\" sizes=\"auto, (max-width: 300px) 100vw, 300px\" \/><\/a><br \/>\n<\/center><\/p>\n","protected":false},"excerpt":{"rendered":"<p>Progetto, Sviluppo e Grafica: Gabriele Merlonghi Prezzo: 0,79 \u20ac [Link App Store] Descrizione in AppStore: GPS Alarm&#8230;<\/p>\n","protected":false},"author":1,"featured_media":0,"parent":5709,"menu_order":0,"comment_status":"open","ping_status":"open","template":"","meta":{"_acf_changed":false,"footnotes":""},"class_list":["post-9526","page","type-page","status-publish","hentry"],"acf":[],"aioseo_notices":[],"_links":{"self":[{"href":"https:\/\/www.devapp.it\/wordpress\/wp-json\/wp\/v2\/pages\/9526","targetHints":{"allow":["GET"]}}],"collection":[{"href":"https:\/\/www.devapp.it\/wordpress\/wp-json\/wp\/v2\/pages"}],"about":[{"href":"https:\/\/www.devapp.it\/wordpress\/wp-json\/wp\/v2\/types\/page"}],"author":[{"embeddable":true,"href":"https:\/\/www.devapp.it\/wordpress\/wp-json\/wp\/v2\/users\/1"}],"replies":[{"embeddable":true,"href":"https:\/\/www.devapp.it\/wordpress\/wp-json\/wp\/v2\/comments?post=9526"}],"version-history":[{"count":4,"href":"https:\/\/www.devapp.it\/wordpress\/wp-json\/wp\/v2\/pages\/9526\/revisions"}],"predecessor-version":[{"id":9536,"href":"https:\/\/www.devapp.it\/wordpress\/wp-json\/wp\/v2\/pages\/9526\/revisions\/9536"}],"up":[{"embeddable":true,"href":"https:\/\/www.devapp.it\/wordpress\/wp-json\/wp\/v2\/pages\/5709"}],"wp:attachment":[{"href":"https:\/\/www.devapp.it\/wordpress\/wp-json\/wp\/v2\/media?parent=9526"}],"curies":[{"name":"wp","href":"https:\/\/api.w.org\/{rel}","templated":true}]}}